{"id":612,"date":"2025-09-16T09:25:36","date_gmt":"2025-09-16T09:25:36","guid":{"rendered":"https:\/\/www.progranit.de\/?page_id=612"},"modified":"2025-09-16T09:26:11","modified_gmt":"2025-09-16T09:26:11","slug":"mg-demo-copy","status":"publish","type":"page","link":"https:\/\/www.progranit.de\/?page_id=612","title":{"rendered":"MG-demo &#8211; Copy"},"content":{"rendered":"\t\t<div data-elementor-type=\"wp-page\" data-elementor-id=\"612\" class=\"elementor elementor-612\" data-elementor-post-type=\"page\">\n\t\t\t\t<div class=\"elementor-element elementor-element-0f158ea e-flex e-con-boxed e-con e-parent\" data-id=\"0f158ea\" data-element_type=\"container\" data-e-type=\"container\">\n\t\t\t\t\t<div class=\"e-con-inner\">\n\t\t\t\t<div class=\"elementor-element elementor-element-42d8fb9 elementor-widget elementor-widget-image\" data-id=\"42d8fb9\" data-element_type=\"widget\" data-e-type=\"widget\" data-widget_type=\"image.default\">\n\t\t\t\t\t\t\t\t\t\t\t\t\t\t\t<img fetchpriority=\"high\" decoding=\"async\" width=\"800\" height=\"120\" src=\"https:\/\/www.progranit.de\/wp-content\/uploads\/2025\/09\/MG-kopf-1024x153.jpg\" class=\"attachment-large size-large wp-image-613\" alt=\"\" srcset=\"https:\/\/www.progranit.de\/wp-content\/uploads\/2025\/09\/MG-kopf-1024x153.jpg 1024w, https:\/\/www.progranit.de\/wp-content\/uploads\/2025\/09\/MG-kopf-300x45.jpg 300w, https:\/\/www.progranit.de\/wp-content\/uploads\/2025\/09\/MG-kopf-768x115.jpg 768w, https:\/\/www.progranit.de\/wp-content\/uploads\/2025\/09\/MG-kopf-1536x230.jpg 1536w, https:\/\/www.progranit.de\/wp-content\/uploads\/2025\/09\/MG-kopf-2048x307.jpg 2048w\" sizes=\"(max-width: 800px) 100vw, 800px\" \/>\t\t\t\t\t\t\t\t\t\t\t\t\t\t\t<\/div>\n\t\t\t\t\t<\/div>\n\t\t\t\t<\/div>\n\t\t<div class=\"elementor-element elementor-element-6feea60 e-flex e-con-boxed e-con e-parent\" data-id=\"6feea60\" data-element_type=\"container\" data-e-type=\"container\">\n\t\t\t\t\t<div class=\"e-con-inner\">\n\t\t\t\t<div class=\"elementor-element elementor-element-4a84892 elementor-widget elementor-widget-text-editor\" data-id=\"4a84892\" data-element_type=\"widget\" data-e-type=\"widget\" data-widget_type=\"text-editor.default\">\n\t\t\t\t\t\t\t\t\t<h3>Wir begleiten Ihr Fahrzeug durch ein langes Autoleben<\/h3>\t\t\t\t\t\t\t\t<\/div>\n\t\t\t\t\t<\/div>\n\t\t\t\t<\/div>\n\t\t<div class=\"elementor-element elementor-element-6770d30 e-flex e-con-boxed e-con e-parent\" data-id=\"6770d30\" data-element_type=\"container\" data-e-type=\"container\">\n\t\t\t\t\t<div class=\"e-con-inner\">\n\t\t\t\t\t<\/div>\n\t\t\t\t<\/div>\n\t\t<div class=\"elementor-element elementor-element-46a4b6f e-flex e-con-boxed e-con e-parent\" data-id=\"46a4b6f\" data-element_type=\"container\" data-e-type=\"container\">\n\t\t\t\t\t<div class=\"e-con-inner\">\n\t\t\t\t<div class=\"elementor-element elementor-element-aee06e7 elementor-widget elementor-widget-text-editor\" data-id=\"aee06e7\" data-element_type=\"widget\" data-e-type=\"widget\" data-widget_type=\"text-editor.default\">\n\t\t\t\t\t\t\t\t\t<h1>Werkstattleistungen<\/h1><h4>Kompetenter Service f\u00fcr Ihren PKW\u00a0<\/h4><h4>Suchen Sie eine zuverl\u00e4ssige, moderne und preiswerte KFZ-Werkstatt?<\/h4><h4>Dann sind Sie bei uns richtig.<\/h4><h4>MG-Fahrzeugtechnik ist inhabergef\u00fchrt durch einen KFZ-Meister.<\/h4><h4>Wir wollen Ihnen den besten Service geben. Damit Sie wiederkommen.<\/h4><hr \/><h4 class=\"fliesstext\">Sind Sie bisher mit Ihrem hochwertigem Fahrzeug immer nur in eine Vertragswerkstatt des Herstellers gefahren? Das muss nun nicht mehr sein. F\u00fcr viele Automarken f\u00fchren wir die Inspektionen nach Herstellervorgaben und ohne Verlust der Garantie durch.<\/h4><h4>Unsere Fachleute und Mechaniker haben jahrelange Erfahrung auch mit hochwertigen und besonderen Fahrzeugen der Oberklasse.<\/h4><h4>Deswegen gibt es bei uns zwar immer noch \u00d6lwechsel und Schraubenschl\u00fcssel. Doch zur fachgerechten Wartung geh\u00f6rt mehr. Denn komplexe und besondere Fahrzeuge bed\u00fcrfen eines ebenso besonderen Service. Den wir Ihnen bieten.<\/h4>\t\t\t\t\t\t\t\t<\/div>\n\t\t\t\t\t<\/div>\n\t\t\t\t<\/div>\n\t\t<div class=\"elementor-element elementor-element-51d56aa e-flex e-con-boxed e-con e-parent\" data-id=\"51d56aa\" data-element_type=\"container\" data-e-type=\"container\">\n\t\t\t\t\t<div class=\"e-con-inner\">\n\t\t\t\t\t<\/div>\n\t\t\t\t<\/div>\n\t\t<div class=\"elementor-element elementor-element-2e029c6 e-flex e-con-boxed e-con e-parent\" data-id=\"2e029c6\" data-element_type=\"container\" data-e-type=\"container\">\n\t\t\t\t\t<div class=\"e-con-inner\">\n\t\t\t\t<div class=\"elementor-element elementor-element-8b8a268 elementor-widget elementor-widget-text-editor\" data-id=\"8b8a268\" data-element_type=\"widget\" data-e-type=\"widget\" data-widget_type=\"text-editor.default\">\n\t\t\t\t\t\t\t\t\t<h1>Das leistet unsere Lackiererei<\/h1><p>Lorem ipsum dolor sit amet, consectetur adipiscing elit. Ut elit tellus, luctus nec ullamcorper mattis, pulvinar dapibus leo.<\/p><h3>Lorem ipsum dolor sit amet<\/h3><p>, consetetur sadipscing elitr, sed diam nonumy eirmod tempor invidunt ut labore et dolore magna aliquyam erat, sed diam voluptua. At vero eos et accusam et justo duo dolores et ea rebum. Stet clita kasd gubergren, no sea takimata sanctus est Lorem ipsum dolor sit amet. Lorem ipsum dolor sit amet, consetetur sadipscing elitr, sed diam nonumy eirmod tempor invidunt ut labore et dolore magna aliquyam erat, sed diam voluptua. At vero eos et accusam et justo duo dolores et ea rebum. Stet clita kasd gubergren, no sea takimata sanctus est Lorem ipsum dolor sit amet. Lorem ipsum dolor sit amet, consetetur sadipscing elitr, sed diam nonumy eirmod tempor invidunt ut labore et dolore magna aliquyam erat, sed diam voluptua. At vero eos et accusam et justo duo dolores et ea rebum. Stet clita kasd gubergren, no sea takimata sanctus est Lorem ipsum dolor sit amet.<\/p><p>Duis autem vel eum iriure dolor in hendrerit in vulputate velit esse molestie consequat, vel illum dolore eu feugiat nulla facilisis at vero eros et accumsan et iusto odio dignissim qui blandit praesent luptatum zzril delenit augue duis dolore te feugait nulla facilisi. Lorem ipsum dolor sit amet, consectetuer<\/p>\t\t\t\t\t\t\t\t<\/div>\n\t\t\t\t\t<\/div>\n\t\t\t\t<\/div>\n\t\t\t\t<\/div>\n\t\t","protected":false},"excerpt":{"rendered":"<p>Wir begleiten Ihr Fahrzeug durch ein langes Autoleben Werkstattleistungen Kompetenter Service f\u00fcr Ihren PKW\u00a0 Suchen Sie eine zuverl\u00e4ssige, moderne und preiswerte KFZ-Werkstatt? Dann sind Sie bei uns richtig. MG-Fahrzeugtechnik ist inhabergef\u00fchrt durch einen KFZ-Meister. Wir wollen Ihnen den besten Service geben. Damit Sie wiederkommen. Sind Sie bisher mit Ihrem hochwertigem Fahrzeug immer nur in eine [&hellip;]<\/p>\n","protected":false},"author":1,"featured_media":0,"parent":0,"menu_order":0,"comment_status":"closed","ping_status":"closed","template":"","meta":{"_crdt_document":"","footnotes":""},"class_list":["post-612","page","type-page","status-publish","hentry"],"_links":{"self":[{"href":"https:\/\/www.progranit.de\/index.php?rest_route=\/wp\/v2\/pages\/612","targetHints":{"allow":["GET"]}}],"collection":[{"href":"https:\/\/www.progranit.de\/index.php?rest_route=\/wp\/v2\/pages"}],"about":[{"href":"https:\/\/www.progranit.de\/index.php?rest_route=\/wp\/v2\/types\/page"}],"author":[{"embeddable":true,"href":"https:\/\/www.progranit.de\/index.php?rest_route=\/wp\/v2\/users\/1"}],"replies":[{"embeddable":true,"href":"https:\/\/www.progranit.de\/index.php?rest_route=%2Fwp%2Fv2%2Fcomments&post=612"}],"version-history":[{"count":3,"href":"https:\/\/www.progranit.de\/index.php?rest_route=\/wp\/v2\/pages\/612\/revisions"}],"predecessor-version":[{"id":619,"href":"https:\/\/www.progranit.de\/index.php?rest_route=\/wp\/v2\/pages\/612\/revisions\/619"}],"wp:attachment":[{"href":"https:\/\/www.progranit.de\/index.php?rest_route=%2Fwp%2Fv2%2Fmedia&parent=612"}],"curies":[{"name":"wp","href":"https:\/\/api.w.org\/{rel}","templated":true}]}}