{"id":553,"date":"2025-09-09T05:36:26","date_gmt":"2025-09-09T05:36:26","guid":{"rendered":"https:\/\/www.progranit.de\/?page_id=553"},"modified":"2025-09-21T13:06:42","modified_gmt":"2025-09-21T13:06:42","slug":"mg-demo","status":"publish","type":"page","link":"https:\/\/www.progranit.de\/","title":{"rendered":"MG-demo"},"content":{"rendered":"\t\t<div data-elementor-type=\"wp-page\" data-elementor-id=\"553\" class=\"elementor elementor-553\" data-elementor-post-type=\"page\">\n\t\t\t\t<div class=\"elementor-element elementor-element-f209f8b e-flex e-con-boxed e-con e-parent\" data-id=\"f209f8b\" data-element_type=\"container\" data-e-type=\"container\">\n\t\t\t\t\t<div class=\"e-con-inner\">\n\t\t\t\t<div class=\"elementor-element elementor-element-b2b2013 elementor-widget elementor-widget-text-editor\" data-id=\"b2b2013\" data-element_type=\"widget\" data-e-type=\"widget\" data-widget_type=\"text-editor.default\">\n\t\t\t\t\t\t\t\t\t<h3>Vorbemerkung: Dies ist eine Testseite. Sie ist wirtschaftlich NICHT aktiv!!!<\/h3>\t\t\t\t\t\t\t\t<\/div>\n\t\t\t\t\t<\/div>\n\t\t\t\t<\/div>\n\t\t<div class=\"elementor-element elementor-element-6feea60 e-flex e-con-boxed e-con e-parent\" data-id=\"6feea60\" data-element_type=\"container\" data-e-type=\"container\">\n\t\t\t\t\t<div class=\"e-con-inner\">\n\t\t\t\t<div class=\"elementor-element elementor-element-4a84892 elementor-widget elementor-widget-text-editor\" data-id=\"4a84892\" data-element_type=\"widget\" data-e-type=\"widget\" data-widget_type=\"text-editor.default\">\n\t\t\t\t\t\t\t\t\t<h3><strong>Wir begleiten Ihr Fahrzeug durch ein langes Autoleben<\/strong><\/h3>\t\t\t\t\t\t\t\t<\/div>\n\t\t\t\t\t<\/div>\n\t\t\t\t<\/div>\n\t\t<div class=\"elementor-element elementor-element-6770d30 e-flex e-con-boxed e-con e-parent\" data-id=\"6770d30\" data-element_type=\"container\" data-e-type=\"container\">\n\t\t\t\t\t<div class=\"e-con-inner\">\n\t\t\t\t\t<\/div>\n\t\t\t\t<\/div>\n\t\t<div class=\"elementor-element elementor-element-b0f4c94 e-con-full e-flex e-con e-parent\" data-id=\"b0f4c94\" data-element_type=\"container\" data-e-type=\"container\">\n\t\t<div class=\"elementor-element elementor-element-c56c6d4 e-con-full e-flex e-con e-child\" data-id=\"c56c6d4\" data-element_type=\"container\" data-e-type=\"container\">\n\t\t\t\t<div class=\"elementor-element elementor-element-b40b561 elementor-widget elementor-widget-image\" data-id=\"b40b561\" data-element_type=\"widget\" data-e-type=\"widget\" data-widget_type=\"image.default\">\n\t\t\t\t\t\t\t\t\t\t\t\t\t\t\t<img fetchpriority=\"high\" decoding=\"async\" width=\"800\" height=\"450\" src=\"https:\/\/www.progranit.de\/wp-content\/uploads\/2025\/08\/pexels-ming-lo-213162274-11789855-1024x576.jpg\" class=\"attachment-large size-large wp-image-501\" alt=\"\" srcset=\"https:\/\/www.progranit.de\/wp-content\/uploads\/2025\/08\/pexels-ming-lo-213162274-11789855-1024x576.jpg 1024w, https:\/\/www.progranit.de\/wp-content\/uploads\/2025\/08\/pexels-ming-lo-213162274-11789855-300x169.jpg 300w, https:\/\/www.progranit.de\/wp-content\/uploads\/2025\/08\/pexels-ming-lo-213162274-11789855-768x432.jpg 768w, https:\/\/www.progranit.de\/wp-content\/uploads\/2025\/08\/pexels-ming-lo-213162274-11789855-1536x864.jpg 1536w, https:\/\/www.progranit.de\/wp-content\/uploads\/2025\/08\/pexels-ming-lo-213162274-11789855-2048x1152.jpg 2048w\" sizes=\"(max-width: 800px) 100vw, 800px\" \/>\t\t\t\t\t\t\t\t\t\t\t\t\t\t\t<\/div>\n\t\t\t\t<\/div>\n\t\t<div class=\"elementor-element elementor-element-80b9dfe e-con-full e-flex e-con e-child\" data-id=\"80b9dfe\" data-element_type=\"container\" data-e-type=\"container\">\n\t\t\t\t<div class=\"elementor-element elementor-element-b2e61b2 elementor-widget elementor-widget-text-editor\" data-id=\"b2e61b2\" data-element_type=\"widget\" data-e-type=\"widget\" data-widget_type=\"text-editor.default\">\n\t\t\t\t\t\t\t\t\t<h2>Werkstattleistungen<\/h2><h4>Kompetenter Service f\u00fcr Ihren PKW\u00a0<\/h4><h4>Suchen Sie eine zuverl\u00e4ssige, moderne und preiswerte KFZ-Werkstatt?<\/h4><h4>Dann sind Sie bei uns richtig.<\/h4><h4>MG-Fahrzeugtechnik ist inhabergef\u00fchrt durch einen KFZ-Meister.<\/h4><h4>Wir wollen Ihnen den besten Service geben. Damit Sie wiederkommen.<\/h4><hr \/><h4 class=\"fliesstext\">Sind Sie bisher mit Ihrem hochwertigem Fahrzeug immer nur in eine Vertragswerkstatt des Herstellers gefahren? Das muss nun nicht mehr sein. F\u00fcr viele Automarken f\u00fchren wir die Inspektionen nach Herstellervorgaben und ohne Verlust der Garantie durch.<\/h4><h4>Unsere Fachleute und Mechaniker haben jahrelange Erfahrung auch mit hochwertigen und besonderen Fahrzeugen der Oberklasse.<\/h4><h4>Deswegen gibt es bei uns zwar immer noch \u00d6lwechsel und Schraubenschl\u00fcssel. Doch zur fachgerechten Wartung geh\u00f6rt mehr. Denn komplexe und besondere Fahrzeuge bed\u00fcrfen eines ebenso besonderen Service. Den wir Ihnen bieten.<\/h4>\t\t\t\t\t\t\t\t<\/div>\n\t\t\t\t<\/div>\n\t\t\t\t<\/div>\n\t\t<div class=\"elementor-element elementor-element-9c2efe2 e-con-full e-flex e-con e-parent\" data-id=\"9c2efe2\" data-element_type=\"container\" data-e-type=\"container\">\n\t\t\t\t<div class=\"elementor-element elementor-element-5a8743e elementor-widget-divider--view-line elementor-widget elementor-widget-divider\" data-id=\"5a8743e\" data-element_type=\"widget\" data-e-type=\"widget\" data-widget_type=\"divider.default\">\n\t\t\t\t\t\t\t<div class=\"elementor-divider\">\n\t\t\t<span class=\"elementor-divider-separator\">\n\t\t\t\t\t\t<\/span>\n\t\t<\/div>\n\t\t\t\t\t\t<\/div>\n\t\t\t\t<\/div>\n\t\t<div class=\"elementor-element elementor-element-93ecd67 e-con-full e-flex e-con e-parent\" data-id=\"93ecd67\" data-element_type=\"container\" data-e-type=\"container\">\n\t\t\t\t<\/div>\n\t\t<div class=\"elementor-element elementor-element-66efa37 e-con-full e-flex e-con e-parent\" data-id=\"66efa37\" data-element_type=\"container\" data-e-type=\"container\">\n\t\t\t\t<div class=\"elementor-element elementor-element-8ab9999 elementor-widget elementor-widget-text-editor\" data-id=\"8ab9999\" data-element_type=\"widget\" data-e-type=\"widget\" data-widget_type=\"text-editor.default\">\n\t\t\t\t\t\t\t\t\t<p>Lorem ipsum dolor sit amet, consectetur adipiscing elit. Ut elit tellus, luctus nec ullamcorper mattis, pulvinar dapibus leo.Lorem ipsum dolor sit amet, consectetur adipiscing elit. Ut elit tellus, luctus nec ullamcorper mattis, pulvinar dapibus leo.Lorem ipsum dolor sit amet, consectetur adipiscing elit. Ut elit tellus, luctus nec ullamcorper mattis, pulvinar dapibus leo.Lorem ipsum dolor sit amet, consectetur adipiscing elit. Ut elit tellus, luctus nec ullamcorper mattis, pulvinar dapibus leo.<\/p>\t\t\t\t\t\t\t\t<\/div>\n\t\t\t\t<\/div>\n\t\t<div class=\"elementor-element elementor-element-51d56aa e-flex e-con-boxed e-con e-parent\" data-id=\"51d56aa\" data-element_type=\"container\" data-e-type=\"container\">\n\t\t\t\t\t<div class=\"e-con-inner\">\n\t\t\t\t\t<\/div>\n\t\t\t\t<\/div>\n\t\t<div class=\"elementor-element elementor-element-6fbef8b e-con-full e-flex e-con e-parent\" data-id=\"6fbef8b\" data-element_type=\"container\" data-e-type=\"container\">\n\t\t<div class=\"elementor-element elementor-element-472eca2 e-con-full e-flex e-con e-child\" data-id=\"472eca2\" data-element_type=\"container\" data-e-type=\"container\">\n\t\t\t\t<div class=\"elementor-element elementor-element-d6804bb elementor-widget elementor-widget-text-editor\" data-id=\"d6804bb\" data-element_type=\"widget\" data-e-type=\"widget\" data-widget_type=\"text-editor.default\">\n\t\t\t\t\t\t\t\t\t<h1>Das leistet unsere Lackierei<\/h1><div class=\"fliesstext\"><h4>Um Ihnen den besten Service f\u00fcr alle unsere Dienste anbieten zu k\u00f6nnen nutzen wir f\u00fcr Sie unsere eigene Lackiererei.<\/h4><h4>Das garantiert Ihnen faire Preise, schnelle Erledigung, beste Termintreue und die gleiche hohe Qualit\u00e4t die Sie auch von unseren anderen Leistungen her kennen.<\/h4><h4>Im einzelnen bieten wir Ihnen:<\/h4><ul class=\"wlist1\"><li class=\"wlist\"><h4>Professionelle Lackierungen f\u00fcr alle Fabrikate<\/h4><\/li><li class=\"wlist\"><h4>3 Jahre Garantie auf alle Lackierungen<\/h4><\/li><li class=\"wlist\"><h4>Integrierte Innen- und Au\u00dfenreinigung<\/h4><\/li><li class=\"wlist\"><h4>Hagel und Dellenreparatur ohne Lackierung<\/h4><\/li><li class=\"wlist\"><h4>Zeitwertgerechte Lackierung<\/h4><\/li><li class=\"wlist\"><h4>Sonderlackierungen<\/h4><\/li><li class=\"wlist\"><h4>Ersatzwagenangebot w\u00e4hrend der Lackierung.<\/h4><\/li><\/ul><\/div>\t\t\t\t\t\t\t\t<\/div>\n\t\t\t\t<\/div>\n\t\t<div class=\"elementor-element elementor-element-75b14eb e-con-full e-flex e-con e-child\" data-id=\"75b14eb\" data-element_type=\"container\" data-e-type=\"container\">\n\t\t\t\t<div class=\"elementor-element elementor-element-dc38172 elementor-widget elementor-widget-image\" data-id=\"dc38172\" data-element_type=\"widget\" data-e-type=\"widget\" data-widget_type=\"image.default\">\n\t\t\t\t\t\t\t\t\t\t\t\t\t\t\t<img decoding=\"async\" width=\"800\" height=\"531\" src=\"https:\/\/www.progranit.de\/wp-content\/uploads\/2025\/09\/cup-spray-gun-5360677_1280-1024x680.jpg\" class=\"attachment-large size-large wp-image-598\" alt=\"\" srcset=\"https:\/\/www.progranit.de\/wp-content\/uploads\/2025\/09\/cup-spray-gun-5360677_1280-1024x680.jpg 1024w, https:\/\/www.progranit.de\/wp-content\/uploads\/2025\/09\/cup-spray-gun-5360677_1280-300x199.jpg 300w, https:\/\/www.progranit.de\/wp-content\/uploads\/2025\/09\/cup-spray-gun-5360677_1280-768x510.jpg 768w, https:\/\/www.progranit.de\/wp-content\/uploads\/2025\/09\/cup-spray-gun-5360677_1280.jpg 1280w\" sizes=\"(max-width: 800px) 100vw, 800px\" \/>\t\t\t\t\t\t\t\t\t\t\t\t\t\t\t<\/div>\n\t\t\t\t<\/div>\n\t\t<div class=\"elementor-element elementor-element-6191c2a e-con-full e-flex e-con e-child\" data-id=\"6191c2a\" data-element_type=\"container\" data-e-type=\"container\">\n\t\t\t\t<div class=\"elementor-element elementor-element-f5b8868 elementor-widget elementor-widget-text-editor\" data-id=\"f5b8868\" data-element_type=\"widget\" data-e-type=\"widget\" data-widget_type=\"text-editor.default\">\n\t\t\t\t\t\t\t\t\t<h2>Karosserie Spezial-Betrieb<\/h2><h4 class=\"fliesstext\">In unserem Karosserie-Bereich bieten wir Ihnen Karosseriemodifikationen und Umbauten von Front-, Seiten- und Heckpartien, Richtbankarbeiten, sowie Unfallschaden-Beseitigung.<\/h4><h4>Als Teil unserer Lackiererei bieten wir Ihnen selbstverst\u00e4ndlich auch Ganz- und Teil-Lackierungen und Reparaturen von Glasbruchsch\u00e4den.<\/h4><h2><strong>Wir helfen Ihnen beim Papierkrieg mit der gegenerischen Versicherung.\u00a0<\/strong><\/h2>\t\t\t\t\t\t\t\t<\/div>\n\t\t\t\t<\/div>\n\t\t\t\t<\/div>\n\t\t<div class=\"elementor-element elementor-element-0a7ceb5 e-con-full e-flex e-con e-parent\" data-id=\"0a7ceb5\" data-element_type=\"container\" data-e-type=\"container\">\n\t\t\t\t<div class=\"elementor-element elementor-element-612c23d elementor-widget-divider--view-line elementor-widget elementor-widget-divider\" data-id=\"612c23d\" data-element_type=\"widget\" data-e-type=\"widget\" data-widget_type=\"divider.default\">\n\t\t\t\t\t\t\t<div class=\"elementor-divider\">\n\t\t\t<span class=\"elementor-divider-separator\">\n\t\t\t\t\t\t<\/span>\n\t\t<\/div>\n\t\t\t\t\t\t<\/div>\n\t\t\t\t<div class=\"elementor-element elementor-element-529af5e elementor-widget elementor-widget-heading\" data-id=\"529af5e\" data-element_type=\"widget\" data-e-type=\"widget\" data-widget_type=\"heading.default\">\n\t\t\t\t\t<h2 class=\"elementor-heading-title elementor-size-default\">Unsere Angebote<br><\/h2>\t\t\t\t<\/div>\n\t\t\t\t<div class=\"elementor-element elementor-element-114e3ff elementor-widget-divider--view-line elementor-widget elementor-widget-divider\" data-id=\"114e3ff\" data-element_type=\"widget\" data-e-type=\"widget\" data-widget_type=\"divider.default\">\n\t\t\t\t\t\t\t<div class=\"elementor-divider\">\n\t\t\t<span class=\"elementor-divider-separator\">\n\t\t\t\t\t\t<\/span>\n\t\t<\/div>\n\t\t\t\t\t\t<\/div>\n\t\t\t\t<\/div>\n\t\t<div class=\"elementor-element elementor-element-40be0bf e-grid e-con-boxed e-con e-parent\" data-id=\"40be0bf\" data-element_type=\"container\" data-e-type=\"container\">\n\t\t\t\t\t<div class=\"e-con-inner\">\n\t\t\t\t<div class=\"elementor-element elementor-element-9973909 elementor-widget elementor-widget-text-editor\" data-id=\"9973909\" data-element_type=\"widget\" data-e-type=\"widget\" data-widget_type=\"text-editor.default\">\n\t\t\t\t\t\t\t\t\t<p><strong>\u00d6lservice<\/strong><br \/>incl. Alt\u00f6lentsorgung zzgl. \u00d6l und \u00d6lfilter<br \/><i>&#8222;Wer gut schmiert f\u00e4hrt gut!&#8220;<\/i><br \/><strong>19,90 \u20ac<\/strong><\/p>\t\t\t\t\t\t\t\t<\/div>\n\t\t\t\t<div class=\"elementor-element elementor-element-2f54b07 elementor-widget elementor-widget-text-editor\" data-id=\"2f54b07\" data-element_type=\"widget\" data-e-type=\"widget\" data-widget_type=\"text-editor.default\">\n\t\t\t\t\t\t\t\t\t<p><strong>12-Punkte Fahrzeug-Check<\/strong><\/p><p><i>&#8222;Entspannter Auto fahren!&#8220;<\/i><br \/><strong>19,90 \u20ac<\/strong><\/p>\t\t\t\t\t\t\t\t<\/div>\n\t\t\t\t<div class=\"elementor-element elementor-element-e9089a5 elementor-widget elementor-widget-text-editor\" data-id=\"e9089a5\" data-element_type=\"widget\" data-e-type=\"widget\" data-widget_type=\"text-editor.default\">\n\t\t\t\t\t\t\t\t\t<p><strong>Reifenwechsel<\/strong><\/p><p><i>&#8222;Die Saison kann kommen&#8220;<\/i><br \/><strong>22,90 \u20ac<\/strong><\/p>\t\t\t\t\t\t\t\t<\/div>\n\t\t\t\t<div class=\"elementor-element elementor-element-88a7e3b elementor-widget elementor-widget-text-editor\" data-id=\"88a7e3b\" data-element_type=\"widget\" data-e-type=\"widget\" data-widget_type=\"text-editor.default\">\n\t\t\t\t\t\t\t\t\t<p><strong>Bremsbelag-Wechsel<\/strong><br \/>zzgl. Material<br \/><i>&#8222;Das Beste, was Ihrem Auto passieren kann!&#8220;<\/i><br \/><strong>ab 55,00 \u20ac<\/strong><\/p>\t\t\t\t\t\t\t\t<\/div>\n\t\t\t\t\t<\/div>\n\t\t\t\t<\/div>\n\t\t<div class=\"elementor-element elementor-element-51ad9aa e-grid e-con-boxed e-con e-parent\" data-id=\"51ad9aa\" data-element_type=\"container\" data-e-type=\"container\">\n\t\t\t\t\t<div class=\"e-con-inner\">\n\t\t\t\t<div class=\"elementor-element elementor-element-3949db8 elementor-widget elementor-widget-text-editor\" data-id=\"3949db8\" data-element_type=\"widget\" data-e-type=\"widget\" data-widget_type=\"text-editor.default\">\n\t\t\t\t\t\t\t\t\t<p><strong>Partikelfilter-Reinigung<\/strong><br \/>zuz\u00fcgl. Aus- und Einbau und Material<br \/><i>&#8222;Mit unserem\u00a0<a class=\"wlinke\" title=\"MG Filtech\" href=\"https:\/\/www.mgfiltech.de\/\" target=\"_blank\" rel=\"noopener\">MG Filtech<\/a>\u00a0Reinigungsverfahren werden alle R\u00fcckst\u00e4nde entfernt ohne Einsatz von Chemie.&#8220;<\/i><br \/><strong>249,00 \u20ac<\/strong><\/p>\t\t\t\t\t\t\t\t<\/div>\n\t\t\t\t<div class=\"elementor-element elementor-element-de96234 elementor-widget elementor-widget-text-editor\" data-id=\"de96234\" data-element_type=\"widget\" data-e-type=\"widget\" data-widget_type=\"text-editor.default\">\n\t\t\t\t\t\t\t\t\t<p><strong>Autoglas-Service<\/strong><br \/>incl. kostenlosem Ersatzwagen.<br \/>In vielen F\u00e4llen Abrechnung mit der Versicherung.<br \/><i>&#8222;Freie Sicht in alle Richtungen&#8220;<\/i><br \/><strong>auf Anfrage<\/strong><\/p>\t\t\t\t\t\t\t\t<\/div>\n\t\t\t\t<div class=\"elementor-element elementor-element-440b422 elementor-widget elementor-widget-text-editor\" data-id=\"440b422\" data-element_type=\"widget\" data-e-type=\"widget\" data-widget_type=\"text-editor.default\">\n\t\t\t\t\t\t\t\t\t<p><strong>Klimaanlagen-Service<\/strong><br \/>incl. K\u00e4ltemittelerg\u00e4nzungen und Dichtigkeitspr\u00fcfungen. F\u00fcr R134a-Anlagen<br \/><i>Immer k\u00fchlen Kopf bewahren!<\/i><br \/><strong>auf Anfrage<\/strong><\/p>\t\t\t\t\t\t\t\t<\/div>\n\t\t\t\t<div class=\"elementor-element elementor-element-21ba757 elementor-widget elementor-widget-text-editor\" data-id=\"21ba757\" data-element_type=\"widget\" data-e-type=\"widget\" data-widget_type=\"text-editor.default\">\n\t\t\t\t\t\t\t\t\t<p><strong>Klimaanlagen-Desinfektion<\/strong><br \/>F\u00fcr ein bakterienfreies L\u00fcftungs- und Heizungssystem.<br \/><br \/><strong>15,- \u20ac<\/strong><\/p>\t\t\t\t\t\t\t\t<\/div>\n\t\t\t\t\t<\/div>\n\t\t\t\t<\/div>\n\t\t<div class=\"elementor-element elementor-element-9d89d8f e-grid e-con-boxed e-con e-parent\" data-id=\"9d89d8f\" data-element_type=\"container\" data-e-type=\"container\">\n\t\t\t\t\t<div class=\"e-con-inner\">\n\t\t\t\t<div class=\"elementor-element elementor-element-99fa96c elementor-widget elementor-widget-text-editor\" data-id=\"99fa96c\" data-element_type=\"widget\" data-e-type=\"widget\" data-widget_type=\"text-editor.default\">\n\t\t\t\t\t\t\t\t\t<p><strong>AU \/ HU Service im Hause<\/strong><br \/>Durch GT\u00dc oder Dekra<\/p>\t\t\t\t\t\t\t\t<\/div>\n\t\t\t\t<div class=\"elementor-element elementor-element-fc7a300 elementor-widget elementor-widget-text-editor\" data-id=\"fc7a300\" data-element_type=\"widget\" data-e-type=\"widget\" data-widget_type=\"text-editor.default\">\n\t\t\t\t\t\t\t\t\t<p><strong>Feinstaub-Plakette<\/strong><br \/><strong>5,00 \u20ac<\/strong><\/p>\t\t\t\t\t\t\t\t<\/div>\n\t\t\t\t\t<\/div>\n\t\t\t\t<\/div>\n\t\t<div class=\"elementor-element elementor-element-920a23e e-con-full e-flex e-con e-parent\" data-id=\"920a23e\" data-element_type=\"container\" data-e-type=\"container\">\n\t\t\t\t<div class=\"elementor-element elementor-element-123790c elementor-widget-divider--view-line elementor-widget elementor-widget-divider\" data-id=\"123790c\" data-element_type=\"widget\" data-e-type=\"widget\" data-widget_type=\"divider.default\">\n\t\t\t\t\t\t\t<div class=\"elementor-divider\">\n\t\t\t<span class=\"elementor-divider-separator\">\n\t\t\t\t\t\t<\/span>\n\t\t<\/div>\n\t\t\t\t\t\t<\/div>\n\t\t\t\t<\/div>\n\t\t<div class=\"elementor-element elementor-element-3cb935e e-flex e-con-boxed e-con e-parent\" data-id=\"3cb935e\" data-element_type=\"container\" data-e-type=\"container\">\n\t\t\t\t\t<div class=\"e-con-inner\">\n\t\t\t\t\t<\/div>\n\t\t\t\t<\/div>\n\t\t<div class=\"elementor-element elementor-element-64c96eb e-con-full e-flex e-con e-parent\" data-id=\"64c96eb\" data-element_type=\"container\" data-e-type=\"container\">\n\t\t<div class=\"elementor-element elementor-element-13e06ce e-con-full e-flex e-con e-child\" data-id=\"13e06ce\" data-element_type=\"container\" data-e-type=\"container\">\n\t\t\t\t<\/div>\n\t\t\t\t<\/div>\n\t\t\t\t<\/div>\n\t\t","protected":false},"excerpt":{"rendered":"<p>Vorbemerkung: Dies ist eine Testseite. Sie ist wirtschaftlich NICHT aktiv!!! Wir begleiten Ihr Fahrzeug durch ein langes Autoleben Werkstattleistungen Kompetenter Service f\u00fcr Ihren PKW\u00a0 Suchen Sie eine zuverl\u00e4ssige, moderne und preiswerte KFZ-Werkstatt? Dann sind Sie bei uns richtig. MG-Fahrzeugtechnik ist inhabergef\u00fchrt durch einen KFZ-Meister. Wir wollen Ihnen den besten Service geben. Damit Sie wiederkommen. Sind [&hellip;]<\/p>\n","protected":false},"author":1,"featured_media":0,"parent":0,"menu_order":0,"comment_status":"closed","ping_status":"closed","template":"","meta":{"_crdt_document":"","footnotes":""},"class_list":["post-553","page","type-page","status-publish","hentry"],"_links":{"self":[{"href":"https:\/\/www.progranit.de\/index.php?rest_route=\/wp\/v2\/pages\/553","targetHints":{"allow":["GET"]}}],"collection":[{"href":"https:\/\/www.progranit.de\/index.php?rest_route=\/wp\/v2\/pages"}],"about":[{"href":"https:\/\/www.progranit.de\/index.php?rest_route=\/wp\/v2\/types\/page"}],"author":[{"embeddable":true,"href":"https:\/\/www.progranit.de\/index.php?rest_route=\/wp\/v2\/users\/1"}],"replies":[{"embeddable":true,"href":"https:\/\/www.progranit.de\/index.php?rest_route=%2Fwp%2Fv2%2Fcomments&post=553"}],"version-history":[{"count":85,"href":"https:\/\/www.progranit.de\/index.php?rest_route=\/wp\/v2\/pages\/553\/revisions"}],"predecessor-version":[{"id":853,"href":"https:\/\/www.progranit.de\/index.php?rest_route=\/wp\/v2\/pages\/553\/revisions\/853"}],"wp:attachment":[{"href":"https:\/\/www.progranit.de\/index.php?rest_route=%2Fwp%2Fv2%2Fmedia&parent=553"}],"curies":[{"name":"wp","href":"https:\/\/api.w.org\/{rel}","templated":true}]}}